{"id":251,"date":"2010-09-26T21:31:47","date_gmt":"2010-09-27T01:31:47","guid":{"rendered":"http:\/\/brubmedia.com\/index.php\/"},"modified":"2015-09-12T13:16:51","modified_gmt":"2015-09-12T17:16:51","slug":"martinberube","status":"publish","type":"page","link":"https:\/\/brubmedia.com\/index.php\/martinberube\/","title":{"rendered":"B\u00e9rub\u00e9 ?"},"content":{"rendered":"<h2>Qui est Martin B\u00e9rub\u00e9? <\/h2>\n<p>&nbsp;<br \/>\nMartin a d\u00e9couvert la photographie tout simplement lors de ses \u00e9tudes. Dipl\u00f4m\u00e9 en graphisme et design au Cegep Ahuntsic de Montr\u00e9al. La manipulation de l\u2019appareil et la cr\u00e9ation d\u2019images permanente sont alors devenues un passe-temps. Il abandonne la photographie pour un certain temps, le manque d\u2019acc\u00e8s \u00e0 la chambre noire et n\u2019aimant pas n\u00e9cessairement les r\u00e9sultats sortant des laboratoires commerciaux.<br \/>\n&nbsp;<br \/>\nL\u2019arriv\u00e9e des premi\u00e8res cam\u00e9ras num\u00e9riques grand public lui redonne la piq\u00fbre. La photographie num\u00e9rique lui permet alors de m\u00e9langer ces deux passe-temps soit l\u2019art et la photographie. En gardant la postproduction \u00e0 son minimum, permettant des centaines de clich\u00e9s sans les craintes et contraintes de la photographie traditionnelle. Martin se permet alors de prendre de l\u2019art non habituel et plus urbain de son Montr\u00e9al natal. Ayant comme point de vue \u00ab Le r\u00e9sultat est plus important que le chemin emprunt\u00e9 pour s\u2019y rendre \u00bb Martin garde la production sous chambre noire par ordinateur au minimum, mais s\u2019assure d\u2019offrir la plus belle image.<br \/>\n&nbsp;<br \/>\nPour \u00eatre certain de ne pas faire dans la production de masse que permet l\u2019informatique, chaque imprim\u00e9 est diff\u00e9rent du suivant, vous ne retrouverez jamais deux photos semblables, m\u00eame tir\u00e9 de la m\u00eame photographie originale. Les fichiers num\u00e9riques utilis\u00e9s \u00e0 l\u2019impression sont d\u00e9truits aussit\u00f4t le r\u00e9sultat sur papier.<br \/>\n&nbsp;<br \/>\nAujourd\u2019hui, Martin creuse son style dans la photographie urbaine et industrielle, tirant les souvenirs d\u2019avoir \u00e9t\u00e9 \u00e9lev\u00e9 en pleine ville. Ces inspirations viennent d\u2019artistes tels que <a href=\" http:\/\/www.edwardburtynsky.com\/\">Edward Burtynsky<\/a>, <a href=\" http:\/\/www.micheldebroin.org\/\">Michel de Broin<\/a> ou <a href=\" http:\/\/www.chrisjordan.com\/\">Chris Jordan<\/a><\/p>\n<p>Il est \u00e9galement possible de lire Martin B\u00e9rub\u00e9 sur son blogue <a href=\" http:\/\/proposmontreal.com\" target=\" _blank\">ProposMontr\u00e9al.com<\/a>, un blogue offrant un point de vue sur la m\u00e9tropole Qu\u00e9b\u00e9coise, son histoire, ses gens, ses beaut\u00e9s, ses d\u00e9fauts. <\/p>\n","protected":false},"excerpt":{"rendered":"<p>Qui est Martin B\u00e9rub\u00e9? &nbsp; Martin a d\u00e9couvert la photographie tout simplement lors de ses \u00e9tudes. Dipl\u00f4m\u00e9 en graphisme et design au Cegep Ahuntsic de Montr\u00e9al. La manipulation de l\u2019appareil et la cr\u00e9ation d\u2019images permanente sont alors devenues un passe-temps. Il abandonne la photographie pour un certain temps, le manque d\u2019acc\u00e8s \u00e0 la chambre noire [&hellip;]<\/p>\n","protected":false},"author":1,"featured_media":76,"parent":0,"menu_order":2,"comment_status":"closed","ping_status":"closed","template":"","meta":{"spay_email":""},"jetpack_sharing_enabled":true,"jetpack_shortlink":"https:\/\/wp.me\/P3qCNa-43","jetpack-related-posts":[{"id":104,"url":"https:\/\/brubmedia.com\/index.php\/imprimes\/","url_meta":{"origin":251,"position":0},"title":"Achat d'imprim\u00e9s","date":"25\/04\/2010","format":false,"excerpt":"Ainsi qu\u2019autrefois Leonard de Vinci peignait sa Mona Lisa sur une toile, aujourd'hui, les photos sont imprim\u00e9es sur cette toile. Ce pour quoi l\u2019artiste avait besoin des mois ou m\u00eame des ann\u00e9es enti\u00e8res, il est aujourd'hui possible de r\u00e9aliser une toile en quelques minutes seulement. Gr\u00e2ce \u00e0 la technique d\u2019impression\u2026","rel":"","context":"In &quot;Featured&quot;","img":{"alt_text":"Bonne Aventure","src":"https:\/\/i1.wp.com\/brubmedia.com\/wp-content\/uploads\/2010\/04\/tunnel.jpg?resize=350%2C200&ssl=1","width":350,"height":200},"classes":[]},{"id":222,"url":"https:\/\/brubmedia.com\/index.php\/contact\/","url_meta":{"origin":251,"position":1},"title":"Contact","date":"26\/09\/2010","format":false,"excerpt":"Remplir le formulaire ou envoy\u00e9 votre courriel \u00e0 info@brubmedia.com et je communiquerais avec vous le plus rapidement possible.","rel":"","context":"With 4 comments","img":{"alt_text":"pigeonnier","src":"https:\/\/i2.wp.com\/brubmedia.com\/wp-content\/uploads\/2010\/05\/pigeonnier.jpg?resize=350%2C200&ssl=1","width":350,"height":200},"classes":[]}],"_links":{"self":[{"href":"https:\/\/brubmedia.com\/index.php\/wp-json\/wp\/v2\/pages\/251"}],"collection":[{"href":"https:\/\/brubmedia.com\/index.php\/wp-json\/wp\/v2\/pages"}],"about":[{"href":"https:\/\/brubmedia.com\/index.php\/wp-json\/wp\/v2\/types\/page"}],"author":[{"embeddable":true,"href":"https:\/\/brubmedia.com\/index.php\/wp-json\/wp\/v2\/users\/1"}],"replies":[{"embeddable":true,"href":"https:\/\/brubmedia.com\/index.php\/wp-json\/wp\/v2\/comments?post=251"}],"version-history":[{"count":2,"href":"https:\/\/brubmedia.com\/index.php\/wp-json\/wp\/v2\/pages\/251\/revisions"}],"predecessor-version":[{"id":523,"href":"https:\/\/brubmedia.com\/index.php\/wp-json\/wp\/v2\/pages\/251\/revisions\/523"}],"wp:featuredmedia":[{"embeddable":true,"href":"https:\/\/brubmedia.com\/index.php\/wp-json\/wp\/v2\/media\/76"}],"wp:attachment":[{"href":"https:\/\/brubmedia.com\/index.php\/wp-json\/wp\/v2\/media?parent=251"}],"curies":[{"name":"wp","href":"https:\/\/api.w.org\/{rel}","templated":true}]}}