{"id":222,"date":"2010-09-26T20:07:57","date_gmt":"2010-09-27T00:07:57","guid":{"rendered":"http:\/\/brubmedia.com\/index.php\/"},"modified":"2014-11-30T21:55:26","modified_gmt":"2014-12-01T02:55:26","slug":"contact","status":"publish","type":"page","link":"https:\/\/brubmedia.com\/index.php\/contact\/","title":{"rendered":"Contact"},"content":{"rendered":"<p>Remplir le formulaire ou envoy\u00e9 votre courriel \u00e0 info@brubmedia.com et je communiquerais avec vous le plus rapidement possible.<\/p>\n<div id='contact-form-222'>\n<form action='https:\/\/brubmedia.com\/index.php\/contact\/#contact-form-222' method='post' class='contact-form commentsblock'>\n\n\t\t\t\t\n<div class='grunion-field-wrap grunion-field-name-wrap'  >\n<label\n\t\t\t\tfor='g222-name'\n\t\t\t\tclass='grunion-field-label name'\n\t\t\t\t>Name<span>(required)<\/span><\/label>\n<input\n\t\t\t\t\ttype='text'\n\t\t\t\t\tname='g222-name'\n\t\t\t\t\tid='g222-name'\n\t\t\t\t\tvalue=''\n\t\t\t\t\tclass='name' \n\t\t\t\t\trequired aria-required='true'\n\t\t\t\t\/>\n\t<\/div>\n\n\t\t\t\t\n<div class='grunion-field-wrap grunion-field-email-wrap'  >\n<label\n\t\t\t\tfor='g222-email'\n\t\t\t\tclass='grunion-field-label email'\n\t\t\t\t>Email<span>(required)<\/span><\/label>\n<input\n\t\t\t\t\ttype='email'\n\t\t\t\t\tname='g222-email'\n\t\t\t\t\tid='g222-email'\n\t\t\t\t\tvalue=''\n\t\t\t\t\tclass='email' \n\t\t\t\t\trequired aria-required='true'\n\t\t\t\t\/>\n\t<\/div>\n\n\t\t\t\t\n<div class='grunion-field-wrap grunion-field-url-wrap'  >\n<label\n\t\t\t\tfor='g222-website'\n\t\t\t\tclass='grunion-field-label url'\n\t\t\t\t>Website<\/label>\n<input\n\t\t\t\t\ttype='url'\n\t\t\t\t\tname='g222-website'\n\t\t\t\t\tid='g222-website'\n\t\t\t\t\tvalue=''\n\t\t\t\t\tclass='url' \n\t\t\t\t\t\n\t\t\t\t\/>\n\t<\/div>\n\n\t\t\t\t\n<div class='grunion-field-wrap grunion-field-textarea-wrap'  >\n<label\n\t\t\t\tfor='contact-form-comment-g222-message'\n\t\t\t\tclass='grunion-field-label textarea'\n\t\t\t\t>Message<\/label>\n<textarea\n\t\t                name='g222-message'\n\t\t                id='contact-form-comment-g222-message'\n\t\t                rows='20' class='textarea'  ><\/textarea>\n\t<\/div>\n\t<p class='contact-submit'>\n\t\t<button type='submit' class='pushbutton-wide'>Submit<\/button>\t\t<input type='hidden' name='contact-form-id' value='222' \/>\n\t\t<input type='hidden' name='action' value='grunion-contact-form' \/>\n\t\t<input type='hidden' name='contact-form-hash' value='9faa2cf15c468970dab215b88af41de1b9ab35b3' \/>\n\t<\/p>\n<\/form>\n<\/div>\n","protected":false},"excerpt":{"rendered":"<p>Remplir le formulaire ou envoy\u00e9 votre courriel \u00e0 info@brubmedia.com et je communiquerais avec vous le plus rapidement possible.<\/p>\n","protected":false},"author":1,"featured_media":189,"parent":0,"menu_order":4,"comment_status":"open","ping_status":"open","template":"","meta":{"spay_email":""},"jetpack_sharing_enabled":true,"jetpack_shortlink":"https:\/\/wp.me\/P3qCNa-3A","jetpack-related-posts":[{"id":104,"url":"https:\/\/brubmedia.com\/index.php\/imprimes\/","url_meta":{"origin":222,"position":0},"title":"Achat d'imprim\u00e9s","date":"25\/04\/2010","format":false,"excerpt":"Ainsi qu\u2019autrefois Leonard de Vinci peignait sa Mona Lisa sur une toile, aujourd'hui, les photos sont imprim\u00e9es sur cette toile. Ce pour quoi l\u2019artiste avait besoin des mois ou m\u00eame des ann\u00e9es enti\u00e8res, il est aujourd'hui possible de r\u00e9aliser une toile en quelques minutes seulement. Gr\u00e2ce \u00e0 la technique d\u2019impression\u2026","rel":"","context":"In &quot;Featured&quot;","img":{"alt_text":"Bonne Aventure","src":"https:\/\/i1.wp.com\/brubmedia.com\/wp-content\/uploads\/2010\/04\/tunnel.jpg?resize=350%2C200&ssl=1","width":350,"height":200},"classes":[]}],"_links":{"self":[{"href":"https:\/\/brubmedia.com\/index.php\/wp-json\/wp\/v2\/pages\/222"}],"collection":[{"href":"https:\/\/brubmedia.com\/index.php\/wp-json\/wp\/v2\/pages"}],"about":[{"href":"https:\/\/brubmedia.com\/index.php\/wp-json\/wp\/v2\/types\/page"}],"author":[{"embeddable":true,"href":"https:\/\/brubmedia.com\/index.php\/wp-json\/wp\/v2\/users\/1"}],"replies":[{"embeddable":true,"href":"https:\/\/brubmedia.com\/index.php\/wp-json\/wp\/v2\/comments?post=222"}],"version-history":[{"count":2,"href":"https:\/\/brubmedia.com\/index.php\/wp-json\/wp\/v2\/pages\/222\/revisions"}],"predecessor-version":[{"id":460,"href":"https:\/\/brubmedia.com\/index.php\/wp-json\/wp\/v2\/pages\/222\/revisions\/460"}],"wp:featuredmedia":[{"embeddable":true,"href":"https:\/\/brubmedia.com\/index.php\/wp-json\/wp\/v2\/media\/189"}],"wp:attachment":[{"href":"https:\/\/brubmedia.com\/index.php\/wp-json\/wp\/v2\/media?parent=222"}],"curies":[{"name":"wp","href":"https:\/\/api.w.org\/{rel}","templated":true}]}}