{"id":104,"date":"2010-04-25T19:19:00","date_gmt":"2010-04-25T23:19:00","guid":{"rendered":"http:\/\/brubmedia.com\/?page_id=104"},"modified":"2015-08-17T18:34:08","modified_gmt":"2015-08-17T22:34:08","slug":"imprimes","status":"publish","type":"page","link":"https:\/\/brubmedia.com\/index.php\/imprimes\/","title":{"rendered":"Achat d&rsquo;imprim\u00e9s"},"content":{"rendered":"<p>Ainsi qu\u2019autrefois Leonard de Vinci peignait sa Mona Lisa sur une toile, aujourd&rsquo;hui, les photos sont imprim\u00e9es sur cette toile. Ce pour quoi l\u2019artiste avait besoin des mois ou m\u00eame des ann\u00e9es enti\u00e8res, il est aujourd&rsquo;hui possible de r\u00e9aliser une toile en quelques minutes seulement. Gr\u00e2ce \u00e0 la technique d\u2019impression sur toile, les couleurs sont \u00e9clatantes comme jamais et les contours sont vivement mis en valeur. Pour une photo sur toile, la taille de l\u2019image originale est peu importante, mais il est toutefois important de faire attention \u00e0 la r\u00e9solution pour des formats XXL.<\/p>\n<h3>.<\/h3>\n<p>La photo num\u00e9rique num\u00e9ris\u00e9e peut \u00eatre travaill\u00e9e jusqu&rsquo;\u00e0 la perfection et peut ensuite \u00eatre adapt\u00e9e comme on le souhaite. On peut soi-m\u00eame retravailler les photos avec des logiciels de retouche et donner alors un aspect artistique ou Pop\u2019art par exemple. Toutefois les fournisseurs de photos toile sur Internet offrent la possibilit\u00e9 de le faire pour vous et les commandes sont v\u00e9rifi\u00e9es avant impression. Les futures photos toiles sont tendues sur un ch\u00e2ssis \u00e0 coins, il est alors important de pr\u00eater attention \u00e0 ce qu\u2019aucun motif important ne se trouve \u00e0 2 \u2013 3 centim\u00e8tres de la bordure. Car la photo tableau ne sera pas encadr\u00e9e, mais aura l\u2019effet d\u2019un vrai tableau de ma\u00eetre !<\/p>\n<h3>.<\/h3>\n<p><a href=\"http:\/\/brubmedia.com\/index.php\/contact\/\">Contactez le photographe<\/a> pour plus d&rsquo;information<\/p>\n<figure id=\"attachment_105\" aria-describedby=\"caption-attachment-105\" style=\"width: 640px\" class=\"wp-caption aligncenter\"><img loading=\"lazy\" class=\"size-full wp-image-105\" title=\"Impression sur Toile\" src=\"http:\/\/brubmedia.com\/wp-content\/uploads\/2010\/04\/galerie.jpg\" alt=\"Impression sur Toile\" width=\"640\" height=\"399\" srcset=\"https:\/\/brubmedia.com\/wp-content\/uploads\/2010\/04\/galerie.jpg 640w, https:\/\/brubmedia.com\/wp-content\/uploads\/2010\/04\/galerie-300x187.jpg 300w\" sizes=\"(max-width: 640px) 100vw, 640px\" \/><figcaption id=\"caption-attachment-105\" class=\"wp-caption-text\">Impression sur Toile<\/figcaption><\/figure>\n<h2 class=\"title\"><\/h2>\n<h2 class=\"title\"><\/h2>\n<h2 class=\"title\">Achat de toiles<\/h2>\n<p>Il est maintenant possible de faire l&rsquo;achat en ligne des toiles gr\u00e2ce \u00e0 la nouvelle boutique Etsy de BruBM\u00e9dia.<\/p>\n<div align=\"center\">Etsy Shop: La r\u00e9ponse de l'API devrait-\u00eatre HTTP 200 <br>Description de l'erreur API: <\/div>\n<h2 class=\"title\"><\/h2>\n<h2 class=\"title\"><\/h2>\n<h2 class=\"title\">Expositions<\/h2>\n<h1>Mixart, 2006.<\/h1>\n<p>Exposition \u00e0 la <a href=\"http:\/\/www.canvasmontreal.com\/\">Galerie Canvas de Lachine<\/a> en pr\u00e9sence de quelques artistes, en plus de la photographie de Martin B\u00e9rub\u00e9, nous pouvions aussi compter sur la peinture de <a href=\"http:\/\/reneemollitt.com\/\">Ren\u00e9e Mollitt<\/a> et de Wendy Tillett.<\/p>\n<div align=\"center\"><img loading=\"lazy\" class=\"aligncenter size-medium wp-image-138\" title=\"Mixart\" src=\"http:\/\/brubmedia.com\/wp-content\/uploads\/2010\/04\/CRW_1310-300x199.jpg\" alt=\"\" width=\"300\" height=\"199\" srcset=\"https:\/\/brubmedia.com\/wp-content\/uploads\/2010\/04\/CRW_1310-300x199.jpg 300w, https:\/\/brubmedia.com\/wp-content\/uploads\/2010\/04\/CRW_1310.jpg 800w\" sizes=\"(max-width: 300px) 100vw, 300px\" \/><a href=\"http:\/\/brubmedia.com\/wp-content\/uploads\/2010\/04\/CRW_1280.jpg\"> <img loading=\"lazy\" class=\"aligncenter size-medium wp-image-140\" title=\"Mixart\" src=\"http:\/\/brubmedia.com\/wp-content\/uploads\/2010\/04\/CRW_1280-300x199.jpg\" alt=\"\" width=\"300\" height=\"199\" srcset=\"https:\/\/brubmedia.com\/wp-content\/uploads\/2010\/04\/CRW_1280-300x199.jpg 300w, https:\/\/brubmedia.com\/wp-content\/uploads\/2010\/04\/CRW_1280.jpg 800w\" sizes=\"(max-width: 300px) 100vw, 300px\" \/><\/a><\/div>\n<h1>Bellezza Contrari, 2009<\/h1>\n<p>Exposions d&rsquo;une dur\u00e9e d&rsquo;une semaine \u00e0 la <a href=\"http:\/\/www.galerieouest.ca\/\">Galerie Ouest<\/a> de Ste-Anne-de-Bellevue. Duo avec l&rsquo;artiste peintre<a href=\"http:\/\/reneemollitt.com\/\">Ren\u00e9e Mollitt<\/a>.<\/p>\n<div align=\"center\"><img loading=\"lazy\" class=\"alignnone\" title=\"Bellezza Contrari\" src=\"http:\/\/farm4.static.flickr.com\/3318\/3494392269_6880b2979e_m.jpg\" alt=\"Bellezza Contrari\" width=\"240\" height=\"160\" \/> <img loading=\"lazy\" class=\"alignnone\" title=\"Bellezza Contrari\" src=\"http:\/\/farm4.static.flickr.com\/3625\/3495208418_fe4f612422_m.jpg\" alt=\"Bellezza Contrari\" width=\"240\" height=\"160\" \/> <img loading=\"lazy\" class=\"alignnone\" title=\"Bellezza Contrari\" src=\"http:\/\/farm4.static.flickr.com\/3608\/3495207664_056db7d19a_m.jpg\" alt=\"Bellezza Contrari\" width=\"240\" height=\"160\" \/> <img loading=\"lazy\" class=\"alignnone\" title=\"Bellezza Contrari\" src=\"http:\/\/farm4.static.flickr.com\/3313\/3495209332_3d4711e8d0_m.jpg\" alt=\"Bellezza Contrari\" width=\"240\" height=\"160\" \/><\/div>\n","protected":false},"excerpt":{"rendered":"<p>Ainsi qu\u2019autrefois Leonard de Vinci peignait sa Mona Lisa sur une toile, aujourd&rsquo;hui, les photos sont imprim\u00e9es sur cette toile. Ce pour quoi l\u2019artiste avait besoin des mois ou m\u00eame des ann\u00e9es enti\u00e8res, il est aujourd&rsquo;hui possible de r\u00e9aliser une toile en quelques minutes seulement. Gr\u00e2ce \u00e0 la technique d\u2019impression sur toile, les couleurs sont [&hellip;]<\/p>\n","protected":false},"author":1,"featured_media":117,"parent":0,"menu_order":3,"comment_status":"open","ping_status":"open","template":"","meta":{"spay_email":""},"jetpack_sharing_enabled":true,"jetpack_shortlink":"https:\/\/wp.me\/P3qCNa-1G","jetpack-related-posts":[{"id":251,"url":"https:\/\/brubmedia.com\/index.php\/martinberube\/","url_meta":{"origin":104,"position":0},"title":"B\u00e9rub\u00e9 ?","date":"26\/09\/2010","format":false,"excerpt":"Qui est Martin B\u00e9rub\u00e9? \u00a0 Martin a d\u00e9couvert la photographie tout simplement lors de ses \u00e9tudes. Dipl\u00f4m\u00e9 en graphisme et design au Cegep Ahuntsic de Montr\u00e9al. La manipulation de l\u2019appareil et la cr\u00e9ation d\u2019images permanente sont alors devenues un passe-temps. Il abandonne la photographie pour un certain temps, le manque\u2026","rel":"","context":"Similar post","img":{"alt_text":"Vieille Chevy","src":"https:\/\/i0.wp.com\/brubmedia.com\/wp-content\/uploads\/2010\/04\/chevy.jpg?resize=350%2C200&ssl=1","width":350,"height":200},"classes":[]},{"id":222,"url":"https:\/\/brubmedia.com\/index.php\/contact\/","url_meta":{"origin":104,"position":1},"title":"Contact","date":"26\/09\/2010","format":false,"excerpt":"Remplir le formulaire ou envoy\u00e9 votre courriel \u00e0 info@brubmedia.com et je communiquerais avec vous le plus rapidement possible.","rel":"","context":"With 4 comments","img":{"alt_text":"pigeonnier","src":"https:\/\/i2.wp.com\/brubmedia.com\/wp-content\/uploads\/2010\/05\/pigeonnier.jpg?resize=350%2C200&ssl=1","width":350,"height":200},"classes":[]}],"_links":{"self":[{"href":"https:\/\/brubmedia.com\/index.php\/wp-json\/wp\/v2\/pages\/104"}],"collection":[{"href":"https:\/\/brubmedia.com\/index.php\/wp-json\/wp\/v2\/pages"}],"about":[{"href":"https:\/\/brubmedia.com\/index.php\/wp-json\/wp\/v2\/types\/page"}],"author":[{"embeddable":true,"href":"https:\/\/brubmedia.com\/index.php\/wp-json\/wp\/v2\/users\/1"}],"replies":[{"embeddable":true,"href":"https:\/\/brubmedia.com\/index.php\/wp-json\/wp\/v2\/comments?post=104"}],"version-history":[{"count":2,"href":"https:\/\/brubmedia.com\/index.php\/wp-json\/wp\/v2\/pages\/104\/revisions"}],"predecessor-version":[{"id":515,"href":"https:\/\/brubmedia.com\/index.php\/wp-json\/wp\/v2\/pages\/104\/revisions\/515"}],"wp:featuredmedia":[{"embeddable":true,"href":"https:\/\/brubmedia.com\/index.php\/wp-json\/wp\/v2\/media\/117"}],"wp:attachment":[{"href":"https:\/\/brubmedia.com\/index.php\/wp-json\/wp\/v2\/media?parent=104"}],"curies":[{"name":"wp","href":"https:\/\/api.w.org\/{rel}","templated":true}]}}